{"id":796,"date":"2025-09-02T12:54:20","date_gmt":"2025-09-02T12:54:20","guid":{"rendered":"https:\/\/maralautomocion.es\/?page_id=796"},"modified":"2025-09-02T12:54:23","modified_gmt":"2025-09-02T12:54:23","slug":"aviso-legal","status":"publish","type":"page","link":"https:\/\/maralautomocion.es\/index.php\/aviso-legal\/","title":{"rendered":"Aviso Legal"},"content":{"rendered":"\n<p>En cumplimiento de lo establecido en la <strong>Ley 34\/2002, de 11 de julio, de Servicios de la Sociedad de la Informaci\u00f3n y Comercio Electr\u00f3nico (LSSI-CE)<\/strong>, se informa que este sitio web es titularidad de:<\/p>\n\n\n\n<ul class=\"wp-block-list\">\n<li><strong>Titular:<\/strong> Maral Automoci\u00f3n, S.L.<\/li>\n\n\n\n<li><strong>CIF:<\/strong> B40599847<\/li>\n\n\n\n<li><strong>Domicilio social:<\/strong> Calle Azagador de la Torre, 10, Sedav\u00ed (Valencia), Espa\u00f1a<\/li>\n\n\n\n<li><strong>Correo electr\u00f3nico de contacto:<\/strong> <a>administracion@maralautomocion.es<\/a><\/li>\n\n\n\n<li><strong>Actividad:<\/strong> Distribuci\u00f3n y venta mayorista de recambios el\u00e9ctricos de automoci\u00f3n.<\/li>\n<\/ul>\n\n\n\n<hr class=\"wp-block-separator has-alpha-channel-opacity\"\/>\n\n\n\n<h2 class=\"wp-block-heading has-black-color has-text-color has-link-color wp-elements-acec999c3b1a1c62ea877c222a5f979f\">Condiciones de uso<\/h2>\n\n\n\n<p>El acceso y navegaci\u00f3n por este sitio web atribuye la condici\u00f3n de <strong>usuario<\/strong> e implica la aceptaci\u00f3n plena y sin reservas de todas las disposiciones incluidas en este Aviso Legal.<\/p>\n\n\n\n<p>Maral Automoci\u00f3n se reserva el derecho de modificar en cualquier momento la presentaci\u00f3n, configuraci\u00f3n y contenidos del sitio web, as\u00ed como las condiciones requeridas para su acceso y\/o utilizaci\u00f3n.<\/p>\n\n\n\n<hr class=\"wp-block-separator has-alpha-channel-opacity\"\/>\n\n\n\n<h2 class=\"wp-block-heading has-black-color has-text-color has-link-color wp-elements-587429059875eb9f7410e4f16c499908\">Propiedad intelectual e industrial<\/h2>\n\n\n\n<p>Todos los contenidos de este sitio web, incluyendo, sin car\u00e1cter limitativo, <strong>textos, im\u00e1genes, gr\u00e1ficos, logotipos, iconos, software y dem\u00e1s elementos<\/strong>, son propiedad exclusiva de <strong>Maral Automoci\u00f3n<\/strong> o de terceros que han autorizado su uso, estando protegidos por la legislaci\u00f3n vigente en materia de propiedad intelectual e industrial.<\/p>\n\n\n\n<p>Queda <strong>prohibida la reproducci\u00f3n total o parcial, uso, explotaci\u00f3n, distribuci\u00f3n y comercializaci\u00f3n<\/strong> de dichos contenidos sin la previa autorizaci\u00f3n por escrito de Maral Automoci\u00f3n.<\/p>\n\n\n\n<hr class=\"wp-block-separator has-alpha-channel-opacity\"\/>\n\n\n\n<h2 class=\"wp-block-heading has-black-color has-text-color has-link-color wp-elements-dbaa919f17cd085eb34def009141fd79\">Responsabilidad<\/h2>\n\n\n\n<p>Maral Automoci\u00f3n no se hace responsable de los da\u00f1os o perjuicios que pudieran derivarse del acceso o uso de los contenidos del sitio web, ni de la infracci\u00f3n por parte de los usuarios de cualquier disposici\u00f3n legal vigente.<\/p>\n\n\n\n<hr class=\"wp-block-separator has-alpha-channel-opacity\"\/>\n\n\n\n<h2 class=\"wp-block-heading has-black-color has-text-color has-link-color wp-elements-f5b057880b2605bd7d763f26f44ec000\">Legislaci\u00f3n aplicable y jurisdicci\u00f3n<\/h2>\n\n\n\n<p>Las relaciones entre <strong>Maral Automoci\u00f3n<\/strong> y los usuarios se regir\u00e1n por la normativa vigente en Espa\u00f1a, someti\u00e9ndose expresamente las partes a los <strong>Juzgados y Tribunales de Valencia, Espa\u00f1a<\/strong> para la resoluci\u00f3n de cualquier controversia.<\/p>\n","protected":false},"excerpt":{"rendered":"<p>En cumplimiento de lo establecido en la Ley 34\/2002, de 11 de julio, de Servicios de la Sociedad de la Informaci\u00f3n y Comercio Electr\u00f3nico (LSSI-CE), se informa que este sitio web es titularidad de: Condiciones de uso El acceso y navegaci\u00f3n por este sitio web atribuye la condici\u00f3n de usuario e implica la aceptaci\u00f3n plena [&hellip;]<\/p>\n","protected":false},"author":2,"featured_media":0,"parent":0,"menu_order":0,"comment_status":"closed","ping_status":"closed","template":"","meta":{"footnotes":""},"class_list":["post-796","page","type-page","status-publish","hentry"],"blocksy_meta":[],"_links":{"self":[{"href":"https:\/\/maralautomocion.es\/index.php\/wp-json\/wp\/v2\/pages\/796","targetHints":{"allow":["GET"]}}],"collection":[{"href":"https:\/\/maralautomocion.es\/index.php\/wp-json\/wp\/v2\/pages"}],"about":[{"href":"https:\/\/maralautomocion.es\/index.php\/wp-json\/wp\/v2\/types\/page"}],"author":[{"embeddable":true,"href":"https:\/\/maralautomocion.es\/index.php\/wp-json\/wp\/v2\/users\/2"}],"replies":[{"embeddable":true,"href":"https:\/\/maralautomocion.es\/index.php\/wp-json\/wp\/v2\/comments?post=796"}],"version-history":[{"count":1,"href":"https:\/\/maralautomocion.es\/index.php\/wp-json\/wp\/v2\/pages\/796\/revisions"}],"predecessor-version":[{"id":797,"href":"https:\/\/maralautomocion.es\/index.php\/wp-json\/wp\/v2\/pages\/796\/revisions\/797"}],"wp:attachment":[{"href":"https:\/\/maralautomocion.es\/index.php\/wp-json\/wp\/v2\/media?parent=796"}],"curies":[{"name":"wp","href":"https:\/\/api.w.org\/{rel}","templated":true}]}}